{"id":469,"date":"2018-09-10T09:00:47","date_gmt":"2018-09-10T09:00:47","guid":{"rendered":"http:\/\/setsail.select-themes.com\/?page_id=469"},"modified":"2025-07-09T14:34:51","modified_gmt":"2025-07-09T12:34:51","slug":"chi-siamo","status":"publish","type":"page","link":"https:\/\/www.maestrotravelexperience.com\/it\/chi-siamo\/","title":{"rendered":"Chi siamo"},"content":{"rendered":"<div class=\"wpb-content-wrapper\"><p>[vc_row content_placement=&#8221;middle&#8221; row_content_width=&#8221;grid&#8221;][vc_column css_animation=&#8221;fadeInLeft&#8221; width=&#8221;7\/12&#8243; offset=&#8221;vc_col-lg-offset-0 vc_col-lg-7 vc_col-md-offset-0 vc_col-sm-offset-0&#8243;]<div class=\"qodef-elements-holder   qodef-one-column  qodef-responsive-mode-768 \" ><div class=\"qodef-eh-item    \"  data-item-class=\"qodef-eh-custom-9677\" data-1367-1600=\"155px 0px 170px\" data-1025-1366=\"155px 0px 170px\" data-769-1024=\"155px 0px 80px\" data-681-768=\"105px 0px 80px\" data-680=\"30px 20px 50px\">\n\t<div class=\"qodef-eh-item-inner\">\n\t\t<div class=\"qodef-eh-item-content qodef-eh-custom-9677\" style=\"padding: 155px 0 170px 0\">\n\t\t\t<div class=\"qodef-section-title-holder \" >\n\t<div class=\"qodef-st-inner\">\n\t\t\t\t\t<span class=\"qodef-st-tagline\" >\n\t\t\t\tLa nostra storia\t\t\t<\/span>\n\t\t\t\t\t\t\t\t\t<p class=\"qodef-st-text\" style=\"color: #212121;font-size: 39px;line-height: 40px;font-weight: 600\">\n\t\t\t\tUna grande avventura<br \/>\niniziata nel 2015\t\t\t<\/p>\n\t\t\t<\/div>\n<\/div>[vc_column_text css=&#8221;.vc_custom_1582121962622{margin-top: -30px !important;}&#8221;]Maestro Travel Experience \u00e8 una grande avventura iniziata nel 2015.<\/p>\n<p>Nessuno di noi \u00e8 nata a Parma, ma \u00e8 presto diventata la nostra casa. Con il passare del tempo, ci \u00e8 entrata talmente nel cuore che abbiamo sentito il desiderio di mostrarla al mondo attraverso gli occhi di chi, come noi, la vive con passione ed entusiasmo.<\/p>\n<p>I tetti del Duomo immersi nella nebbia mattutina, i colori mozzafiato al tramonto sul fiume che la attraversa, e i suoi sapori deliziosi ci emozionano da sempre. Ma il vero tesoro di questa terra sono le persone.<\/p>\n<p>Visita con noi le realt\u00e0 artigiane in cui le eccellenze gastronomiche nascono grazie a dedizione e rispetto del proprio lavoro. Scopri storie intriganti custodite dalle mura di antichi castelli e vivi un viaggio nel tempo passeggiando tra i nostri antichi borghi.<\/p>\n<p><strong>Taste, Visit, Enjoy con Maestro Travel Experience.<\/strong>[\/vc_column_text]\t\t<\/div>\n\t<\/div>\n<\/div><\/div>[\/vc_column][vc_column css_animation=&#8221;fadeInRight&#8221; width=&#8221;5\/12&#8243; offset=&#8221;vc_col-lg-offset-0 vc_col-lg-5 vc_col-md-offset-0 vc_col-sm-offset-0&#8243;]<div class=\"qodef-elements-holder   qodef-one-column  qodef-responsive-mode-768 \" ><div class=\"qodef-eh-item    \"  data-item-class=\"qodef-eh-custom-9045\" data-1367-1600=\"125px 0px 0 104px\" data-1025-1366=\"125px 0px 0 23px\" data-769-1024=\"0px 0px 170px 0px\" data-681-768=\"0px 0px 170px 0px\" data-680=\"0px 0px 170px 0px\">\n\t<div class=\"qodef-eh-item-inner\">\n\t\t<div class=\"qodef-eh-item-content qodef-eh-custom-9045\" style=\"padding: 125px 0px 0 40px\">\n\t\t\t[vc_single_image image=&#8221;8251&#8243; img_size=&#8221;large&#8221; alignment=&#8221;center&#8221; style=&#8221;vc_box_circle_2&#8243; css=&#8221;&#8221;]\t\t<\/div>\n\t<\/div>\n<\/div><\/div>[\/vc_column][\/vc_row][vc_row content_placement=&#8221;top&#8221; row_content_width=&#8221;grid&#8221; css=&#8221;.vc_custom_1579251166604{padding-bottom: 75px !important;}&#8221;][vc_column]<div class=\"qodef-elements-holder   qodef-two-columns  qodef-responsive-mode-1024 \" ><div class=\"qodef-eh-item  qodef-vertical-alignment-top  \"  data-item-class=\"qodef-eh-custom-7136\" data-1367-1600=\"40px 0px 0px 0px\" data-1025-1366=\"40px 0px 60px 8px\" data-769-1024=\"0px 0px 60px 0px\" data-681-768=\"0px 0px 60px 0px\" data-680=\"0px 0px 60px 20px\">\n\t<div class=\"qodef-eh-item-inner\">\n\t\t<div class=\"qodef-eh-item-content qodef-eh-custom-7136\" style=\"padding: 40px 0px 0px 8px\">\n\t\t\t<div class=\"qodef-section-title-holder \" >\n\t<div class=\"qodef-st-inner\">\n\t\t\t\t\t<span class=\"qodef-st-tagline\" >\n\t\t\t\tRicetta Maestro Travel\t\t\t<\/span>\n\t\t\t\t\t\t\t<h3 class=\"qodef-st-title\" >\n\t\t\t\tI nostri valori\t\t\t<\/h3>\n\t\t\t\t\t<\/div>\n<\/div>\t\t<\/div>\n\t<\/div>\n<\/div><\/div>[vc_row_inner css=&#8221;.vc_custom_1582627782406{margin-bottom: 50px !important;padding-top: 30px !important;padding-right: 20px !important;padding-left: 20px !important;}&#8221;][vc_column_inner width=&#8221;1\/6&#8243;][vc_column_text css_animation=&#8221;fadeInLeft&#8221; css=&#8221;&#8221;]<img loading=\"lazy\" decoding=\"async\" class=\"alignnone size-medium wp-image-8269\" src=\"https:\/\/www.maestrotravelexperience.com\/wp-content\/uploads\/2025\/07\/Ingredienti-unici-2-300x300.png\" alt=\"Ingredienti Unici\" width=\"300\" height=\"300\" srcset=\"https:\/\/www.maestrotravelexperience.com\/wp-content\/uploads\/2025\/07\/Ingredienti-unici-2-300x300.png 300w, https:\/\/www.maestrotravelexperience.com\/wp-content\/uploads\/2025\/07\/Ingredienti-unici-2-1024x1024.png 1024w, https:\/\/www.maestrotravelexperience.com\/wp-content\/uploads\/2025\/07\/Ingredienti-unici-2-150x150.png 150w, https:\/\/www.maestrotravelexperience.com\/wp-content\/uploads\/2025\/07\/Ingredienti-unici-2-768x768.png 768w, https:\/\/www.maestrotravelexperience.com\/wp-content\/uploads\/2025\/07\/Ingredienti-unici-2-350x350.png 350w, https:\/\/www.maestrotravelexperience.com\/wp-content\/uploads\/2025\/07\/Ingredienti-unici-2.png 1280w\" sizes=\"auto, (max-width: 300px) 100vw, 300px\" \/>[\/vc_column_text][\/vc_column_inner][vc_column_inner el_class=&#8221;spazi-dx&#8221; width=&#8221;1\/3&#8243;][vc_column_text css_animation=&#8221;fadeInLeft&#8221;]<\/p>\n<h4><strong>Ricercare ingredienti unici<\/strong><\/h4>\n<p>Solo realt\u00e0 autentiche, \u201ctestate\u201d e selezionate con cura dal nostro team. Lasciati guidare alla scoperta di ci\u00f2 che pi\u00f9 ci affascina del nostro territorio.[\/vc_column_text][\/vc_column_inner][vc_column_inner width=&#8221;1\/6&#8243;][vc_column_text css_animation=&#8221;fadeInRight&#8221; css=&#8221;&#8221;]<img loading=\"lazy\" decoding=\"async\" class=\"centra alignnone wp-image-8275 size-medium\" src=\"https:\/\/www.maestrotravelexperience.com\/wp-content\/uploads\/2025\/07\/Servire-emozioni-300x300.png\" alt=\"Servire emozioni\" width=\"300\" height=\"300\" srcset=\"https:\/\/www.maestrotravelexperience.com\/wp-content\/uploads\/2025\/07\/Servire-emozioni-300x300.png 300w, https:\/\/www.maestrotravelexperience.com\/wp-content\/uploads\/2025\/07\/Servire-emozioni-1024x1024.png 1024w, https:\/\/www.maestrotravelexperience.com\/wp-content\/uploads\/2025\/07\/Servire-emozioni-150x150.png 150w, https:\/\/www.maestrotravelexperience.com\/wp-content\/uploads\/2025\/07\/Servire-emozioni-768x768.png 768w, https:\/\/www.maestrotravelexperience.com\/wp-content\/uploads\/2025\/07\/Servire-emozioni-350x350.png 350w, https:\/\/www.maestrotravelexperience.com\/wp-content\/uploads\/2025\/07\/Servire-emozioni.png 1280w\" sizes=\"auto, (max-width: 300px) 100vw, 300px\" \/>[\/vc_column_text][\/vc_column_inner][vc_column_inner el_class=&#8221;spazi-dx&#8221; width=&#8221;1\/3&#8243;][vc_column_text css_animation=&#8221;fadeInRight&#8221;]<\/p>\n<h4><strong>Servire Emozioni<\/strong><\/h4>\n<p>Le meraviglie locali si rivelano. Noi ti apriamo la porta, tu le vivi sulla tua pelle.[\/vc_column_text][\/vc_column_inner][\/vc_row_inner][vc_row_inner css=&#8221;.vc_custom_1582627799564{margin-bottom: 50px !important;padding-top: 30px !important;padding-right: 20px !important;padding-left: 20px !important;}&#8221;][vc_column_inner width=&#8221;1\/6&#8243;][vc_column_text css_animation=&#8221;fadeInLeft&#8221; css=&#8221;&#8221;]<img loading=\"lazy\" decoding=\"async\" class=\"centra alignnone wp-image-8277 size-medium\" src=\"https:\/\/www.maestrotravelexperience.com\/wp-content\/uploads\/2025\/07\/Gustare-con-il-sorriso-300x300.png\" alt=\"Gustare con il sorriso\" width=\"300\" height=\"300\" srcset=\"https:\/\/www.maestrotravelexperience.com\/wp-content\/uploads\/2025\/07\/Gustare-con-il-sorriso-300x300.png 300w, https:\/\/www.maestrotravelexperience.com\/wp-content\/uploads\/2025\/07\/Gustare-con-il-sorriso-1024x1024.png 1024w, https:\/\/www.maestrotravelexperience.com\/wp-content\/uploads\/2025\/07\/Gustare-con-il-sorriso-150x150.png 150w, https:\/\/www.maestrotravelexperience.com\/wp-content\/uploads\/2025\/07\/Gustare-con-il-sorriso-768x768.png 768w, https:\/\/www.maestrotravelexperience.com\/wp-content\/uploads\/2025\/07\/Gustare-con-il-sorriso-350x350.png 350w, https:\/\/www.maestrotravelexperience.com\/wp-content\/uploads\/2025\/07\/Gustare-con-il-sorriso.png 1280w\" sizes=\"auto, (max-width: 300px) 100vw, 300px\" \/>[\/vc_column_text][\/vc_column_inner][vc_column_inner el_class=&#8221;spazi-dx&#8221; width=&#8221;1\/3&#8243;][vc_column_text css_animation=&#8221;fadeInLeft&#8221;]<\/p>\n<h4><strong>Condividere a tavola<\/strong><\/h4>\n<p>Storie di vita e rispetto per la tradizione. Crediamo nei legami che si creano quando si condivide una vera passione, proprio come tra amici.[\/vc_column_text][\/vc_column_inner][vc_column_inner width=&#8221;1\/6&#8243;][vc_column_text css_animation=&#8221;fadeInRight&#8221; css=&#8221;&#8221;]<img loading=\"lazy\" decoding=\"async\" class=\"centra alignnone wp-image-8272 size-medium\" src=\"https:\/\/www.maestrotravelexperience.com\/wp-content\/uploads\/2025\/07\/Condividere-a-tavola-300x300.png\" alt=\"Condividere a tavola\" width=\"300\" height=\"300\" srcset=\"https:\/\/www.maestrotravelexperience.com\/wp-content\/uploads\/2025\/07\/Condividere-a-tavola-300x300.png 300w, https:\/\/www.maestrotravelexperience.com\/wp-content\/uploads\/2025\/07\/Condividere-a-tavola-1024x1024.png 1024w, https:\/\/www.maestrotravelexperience.com\/wp-content\/uploads\/2025\/07\/Condividere-a-tavola-150x150.png 150w, https:\/\/www.maestrotravelexperience.com\/wp-content\/uploads\/2025\/07\/Condividere-a-tavola-768x768.png 768w, https:\/\/www.maestrotravelexperience.com\/wp-content\/uploads\/2025\/07\/Condividere-a-tavola-350x350.png 350w, https:\/\/www.maestrotravelexperience.com\/wp-content\/uploads\/2025\/07\/Condividere-a-tavola.png 1280w\" sizes=\"auto, (max-width: 300px) 100vw, 300px\" \/>[\/vc_column_text][\/vc_column_inner][vc_column_inner el_class=&#8221;spazi-dx&#8221; width=&#8221;1\/3&#8243;][vc_column_text css_animation=&#8221;fadeInRight&#8221;]<\/p>\n<h4><strong>Gustare con il sorriso<\/strong><\/h4>\n<p>Curiosit\u00e0, buona compagnia e sorriso sulle labbra sono i migliori compagni di viaggio. Ogni esperienza diventa cos\u00ec un momento da vivere con entusiasmo.[\/vc_column_text][\/vc_column_inner][\/vc_row_inner][\/vc_column][\/vc_row]<\/p>\n<\/div>","protected":false},"excerpt":{"rendered":"<p>[vc_row content_placement=&#8221;middle&#8221; row_content_width=&#8221;grid&#8221;][vc_column css_animation=&#8221;fadeInLeft&#8221; width=&#8221;7\/12&#8243; offset=&#8221;vc_col-lg-offset-0 vc_col-lg-7 vc_col-md-offset-0 vc_col-sm-offset-0&#8243;][\/vc_column][vc_column css_animation=&#8221;fadeInRight&#8221; width=&#8221;5\/12&#8243; offset=&#8221;vc_col-lg-offset-0 vc_col-lg-5 vc_col-md-offset-0 vc_col-sm-offset-0&#8243;][\/vc_column][\/vc_row][vc_row content_placement=&#8221;top&#8221; row_content_width=&#8221;grid&#8221; css=&#8221;.vc_custom_1579251166604{padding-bottom: 75px !important;}&#8221;][vc_column][vc_row_inner css=&#8221;.vc_custom_1582627782406{margin-bottom: 50px !important;padding-top: 30px !important;padding-right: 20px !important;padding-left: 20px !important;}&#8221;][vc_column_inner width=&#8221;1\/6&#8243;][vc_column_text css_animation=&#8221;fadeInLeft&#8221; css=&#8221;&#8221;][\/vc_column_text][\/vc_column_inner][vc_column_inner el_class=&#8221;spazi-dx&#8221; width=&#8221;1\/3&#8243;][vc_column_text css_animation=&#8221;fadeInLeft&#8221;] Ricercare ingredienti unici Solo realt\u00e0 [&hellip;]<\/p>\n","protected":false},"author":4,"featured_media":0,"parent":0,"menu_order":0,"comment_status":"closed","ping_status":"closed","template":"full-width.php","meta":{"_acf_changed":false,"footnotes":""},"class_list":["post-469","page","type-page","status-publish","hentry"],"acf":[],"yoast_head":"<!-- This site is optimized with the Yoast SEO plugin v27.3 - https:\/\/yoast.com\/product\/yoast-seo-wordpress\/ -->\n<title>Chi siamo | Maestro Travel Experience<\/title>\n<meta name=\"description\" content=\"Scopri i nostri valori con cui accuratamente creaiamo e selezioniamo i nostri tour enogastronomici, e parti con noi!\" \/>\n<meta name=\"robots\" content=\"index, follow, max-snippet:-1, max-image-preview:large, max-video-preview:-1\" \/>\n<link rel=\"canonical\" href=\"https:\/\/www.maestrotravelexperience.com\/it\/chi-siamo\/\" \/>\n<meta property=\"og:locale\" content=\"it_IT\" \/>\n<meta property=\"og:type\" content=\"article\" \/>\n<meta property=\"og:title\" content=\"Chi siamo | Maestro Travel Experience\" \/>\n<meta property=\"og:description\" content=\"Scopri i nostri valori con cui accuratamente creaiamo e selezioniamo i nostri tour enogastronomici, e parti con noi!\" \/>\n<meta property=\"og:url\" content=\"https:\/\/www.maestrotravelexperience.com\/it\/chi-siamo\/\" \/>\n<meta property=\"og:site_name\" content=\"Maestro Travel Experience\" \/>\n<meta property=\"article:modified_time\" content=\"2025-07-09T12:34:51+00:00\" \/>\n<meta property=\"og:image\" content=\"https:\/\/www.maestrotravelexperience.com\/wp-content\/uploads\/2025\/07\/Ingredienti-unici-2-300x300.png\" \/>\n<meta name=\"twitter:card\" content=\"summary_large_image\" \/>\n<meta name=\"twitter:label1\" content=\"Tempo di lettura stimato\" \/>\n\t<meta name=\"twitter:data1\" content=\"4 minuti\" \/>\n<script type=\"application\/ld+json\" class=\"yoast-schema-graph\">{\"@context\":\"https:\\\/\\\/schema.org\",\"@graph\":[{\"@type\":\"WebPage\",\"@id\":\"https:\\\/\\\/www.maestrotravelexperience.com\\\/it\\\/chi-siamo\\\/\",\"url\":\"https:\\\/\\\/www.maestrotravelexperience.com\\\/it\\\/chi-siamo\\\/\",\"name\":\"Chi siamo | Maestro Travel Experience\",\"isPartOf\":{\"@id\":\"https:\\\/\\\/www.maestrotravelexperience.com\\\/#website\"},\"primaryImageOfPage\":{\"@id\":\"https:\\\/\\\/www.maestrotravelexperience.com\\\/it\\\/chi-siamo\\\/#primaryimage\"},\"image\":{\"@id\":\"https:\\\/\\\/www.maestrotravelexperience.com\\\/it\\\/chi-siamo\\\/#primaryimage\"},\"thumbnailUrl\":\"https:\\\/\\\/www.maestrotravelexperience.com\\\/wp-content\\\/uploads\\\/2025\\\/07\\\/Ingredienti-unici-2-300x300.png\",\"datePublished\":\"2018-09-10T09:00:47+00:00\",\"dateModified\":\"2025-07-09T12:34:51+00:00\",\"description\":\"Scopri i nostri valori con cui accuratamente creaiamo e selezioniamo i nostri tour enogastronomici, e parti con noi!\",\"breadcrumb\":{\"@id\":\"https:\\\/\\\/www.maestrotravelexperience.com\\\/it\\\/chi-siamo\\\/#breadcrumb\"},\"inLanguage\":\"it-IT\",\"potentialAction\":[{\"@type\":\"ReadAction\",\"target\":[\"https:\\\/\\\/www.maestrotravelexperience.com\\\/it\\\/chi-siamo\\\/\"]}]},{\"@type\":\"ImageObject\",\"inLanguage\":\"it-IT\",\"@id\":\"https:\\\/\\\/www.maestrotravelexperience.com\\\/it\\\/chi-siamo\\\/#primaryimage\",\"url\":\"https:\\\/\\\/www.maestrotravelexperience.com\\\/wp-content\\\/uploads\\\/2025\\\/07\\\/Ingredienti-unici-2-300x300.png\",\"contentUrl\":\"https:\\\/\\\/www.maestrotravelexperience.com\\\/wp-content\\\/uploads\\\/2025\\\/07\\\/Ingredienti-unici-2-300x300.png\"},{\"@type\":\"BreadcrumbList\",\"@id\":\"https:\\\/\\\/www.maestrotravelexperience.com\\\/it\\\/chi-siamo\\\/#breadcrumb\",\"itemListElement\":[{\"@type\":\"ListItem\",\"position\":1,\"name\":\"Home\",\"item\":\"https:\\\/\\\/www.maestrotravelexperience.com\\\/it\\\/\"},{\"@type\":\"ListItem\",\"position\":2,\"name\":\"Chi siamo\"}]},{\"@type\":\"WebSite\",\"@id\":\"https:\\\/\\\/www.maestrotravelexperience.com\\\/#website\",\"url\":\"https:\\\/\\\/www.maestrotravelexperience.com\\\/\",\"name\":\"Maestro Travel Experience\",\"description\":\"Un nuovo sito targato WordPress\",\"potentialAction\":[{\"@type\":\"SearchAction\",\"target\":{\"@type\":\"EntryPoint\",\"urlTemplate\":\"https:\\\/\\\/www.maestrotravelexperience.com\\\/?s={search_term_string}\"},\"query-input\":{\"@type\":\"PropertyValueSpecification\",\"valueRequired\":true,\"valueName\":\"search_term_string\"}}],\"inLanguage\":\"it-IT\"}]}<\/script>\n<!-- \/ Yoast SEO plugin. -->","yoast_head_json":{"title":"Chi siamo | Maestro Travel Experience","description":"Scopri i nostri valori con cui accuratamente creaiamo e selezioniamo i nostri tour enogastronomici, e parti con noi!","robots":{"index":"index","follow":"follow","max-snippet":"max-snippet:-1","max-image-preview":"max-image-preview:large","max-video-preview":"max-video-preview:-1"},"canonical":"https:\/\/www.maestrotravelexperience.com\/it\/chi-siamo\/","og_locale":"it_IT","og_type":"article","og_title":"Chi siamo | Maestro Travel Experience","og_description":"Scopri i nostri valori con cui accuratamente creaiamo e selezioniamo i nostri tour enogastronomici, e parti con noi!","og_url":"https:\/\/www.maestrotravelexperience.com\/it\/chi-siamo\/","og_site_name":"Maestro Travel Experience","article_modified_time":"2025-07-09T12:34:51+00:00","og_image":[{"url":"https:\/\/www.maestrotravelexperience.com\/wp-content\/uploads\/2025\/07\/Ingredienti-unici-2-300x300.png","type":"","width":"","height":""}],"twitter_card":"summary_large_image","twitter_misc":{"Tempo di lettura stimato":"4 minuti"},"schema":{"@context":"https:\/\/schema.org","@graph":[{"@type":"WebPage","@id":"https:\/\/www.maestrotravelexperience.com\/it\/chi-siamo\/","url":"https:\/\/www.maestrotravelexperience.com\/it\/chi-siamo\/","name":"Chi siamo | Maestro Travel Experience","isPartOf":{"@id":"https:\/\/www.maestrotravelexperience.com\/#website"},"primaryImageOfPage":{"@id":"https:\/\/www.maestrotravelexperience.com\/it\/chi-siamo\/#primaryimage"},"image":{"@id":"https:\/\/www.maestrotravelexperience.com\/it\/chi-siamo\/#primaryimage"},"thumbnailUrl":"https:\/\/www.maestrotravelexperience.com\/wp-content\/uploads\/2025\/07\/Ingredienti-unici-2-300x300.png","datePublished":"2018-09-10T09:00:47+00:00","dateModified":"2025-07-09T12:34:51+00:00","description":"Scopri i nostri valori con cui accuratamente creaiamo e selezioniamo i nostri tour enogastronomici, e parti con noi!","breadcrumb":{"@id":"https:\/\/www.maestrotravelexperience.com\/it\/chi-siamo\/#breadcrumb"},"inLanguage":"it-IT","potentialAction":[{"@type":"ReadAction","target":["https:\/\/www.maestrotravelexperience.com\/it\/chi-siamo\/"]}]},{"@type":"ImageObject","inLanguage":"it-IT","@id":"https:\/\/www.maestrotravelexperience.com\/it\/chi-siamo\/#primaryimage","url":"https:\/\/www.maestrotravelexperience.com\/wp-content\/uploads\/2025\/07\/Ingredienti-unici-2-300x300.png","contentUrl":"https:\/\/www.maestrotravelexperience.com\/wp-content\/uploads\/2025\/07\/Ingredienti-unici-2-300x300.png"},{"@type":"BreadcrumbList","@id":"https:\/\/www.maestrotravelexperience.com\/it\/chi-siamo\/#breadcrumb","itemListElement":[{"@type":"ListItem","position":1,"name":"Home","item":"https:\/\/www.maestrotravelexperience.com\/it\/"},{"@type":"ListItem","position":2,"name":"Chi siamo"}]},{"@type":"WebSite","@id":"https:\/\/www.maestrotravelexperience.com\/#website","url":"https:\/\/www.maestrotravelexperience.com\/","name":"Maestro Travel Experience","description":"Un nuovo sito targato WordPress","potentialAction":[{"@type":"SearchAction","target":{"@type":"EntryPoint","urlTemplate":"https:\/\/www.maestrotravelexperience.com\/?s={search_term_string}"},"query-input":{"@type":"PropertyValueSpecification","valueRequired":true,"valueName":"search_term_string"}}],"inLanguage":"it-IT"}]}},"_links":{"self":[{"href":"https:\/\/www.maestrotravelexperience.com\/it\/wp-json\/wp\/v2\/pages\/469","targetHints":{"allow":["GET"]}}],"collection":[{"href":"https:\/\/www.maestrotravelexperience.com\/it\/wp-json\/wp\/v2\/pages"}],"about":[{"href":"https:\/\/www.maestrotravelexperience.com\/it\/wp-json\/wp\/v2\/types\/page"}],"author":[{"embeddable":true,"href":"https:\/\/www.maestrotravelexperience.com\/it\/wp-json\/wp\/v2\/users\/4"}],"replies":[{"embeddable":true,"href":"https:\/\/www.maestrotravelexperience.com\/it\/wp-json\/wp\/v2\/comments?post=469"}],"version-history":[{"count":12,"href":"https:\/\/www.maestrotravelexperience.com\/it\/wp-json\/wp\/v2\/pages\/469\/revisions"}],"predecessor-version":[{"id":8282,"href":"https:\/\/www.maestrotravelexperience.com\/it\/wp-json\/wp\/v2\/pages\/469\/revisions\/8282"}],"wp:attachment":[{"href":"https:\/\/www.maestrotravelexperience.com\/it\/wp-json\/wp\/v2\/media?parent=469"}],"curies":[{"name":"wp","href":"https:\/\/api.w.org\/{rel}","templated":true}]}}